{"id":7079,"date":"2023-05-30T13:15:29","date_gmt":"2023-05-30T13:15:29","guid":{"rendered":"https:\/\/kssuspension.com\/accessories\/"},"modified":"2024-05-06T14:11:21","modified_gmt":"2024-05-06T14:11:21","slug":"zubehoer","status":"publish","type":"page","link":"https:\/\/kssuspension.com\/de\/zubehoer\/","title":{"rendered":"ZUBEH\u00d6R"},"content":{"rendered":"","protected":false},"excerpt":{"rendered":"","protected":false},"author":1,"featured_media":4573,"parent":0,"menu_order":0,"comment_status":"closed","ping_status":"closed","template":"template-accessories.php","meta":{"_acf_changed":false,"footnotes":""},"class_list":["post-7079","page","type-page","status-publish","has-post-thumbnail","hentry"],"acf":[],"yoast_head":"<!-- This site is optimized with the Yoast SEO plugin v24.8.1 - https:\/\/yoast.com\/wordpress\/plugins\/seo\/ -->\n<title>ZUBEH\u00d6R - ks<\/title>\n<meta name=\"description\" content=\"ERLEBE PERFEKTION MIT DEM ORIGINALZUBEH\u00d6R VON KS. DIESE JUWELEN WURDEN ZUSAMMEN MIT UNSEREN HAUPTPRODUKTEN ENTWORFEN UND STEIGERN DIE LEISTUNGSST\u00c4RKE UND DIE LEBENSDAUER.\" \/>\n<meta name=\"robots\" content=\"index, follow, max-snippet:-1, max-image-preview:large, max-video-preview:-1\" \/>\n<link rel=\"canonical\" href=\"https:\/\/kssuspension.com\/de\/zubehoer\/\" \/>\n<meta property=\"og:locale\" content=\"de_DE\" \/>\n<meta property=\"og:type\" content=\"article\" \/>\n<meta property=\"og:title\" content=\"ZUBEH\u00d6R - ks\" \/>\n<meta property=\"og:description\" content=\"ERLEBE PERFEKTION MIT DEM ORIGINALZUBEH\u00d6R VON KS. DIESE JUWELEN WURDEN ZUSAMMEN MIT UNSEREN HAUPTPRODUKTEN ENTWORFEN UND STEIGERN DIE LEISTUNGSST\u00c4RKE UND DIE LEBENSDAUER.\" \/>\n<meta property=\"og:url\" content=\"https:\/\/kssuspension.com\/de\/zubehoer\/\" \/>\n<meta property=\"og:site_name\" content=\"ks\" \/>\n<meta property=\"article:publisher\" content=\"https:\/\/www.facebook.com\/kssuspension\/\" \/>\n<meta property=\"article:modified_time\" content=\"2024-05-06T14:11:21+00:00\" \/>\n<meta property=\"og:image\" content=\"https:\/\/kssuspension.com\/wp-content\/uploads\/2023\/08\/ks-accessories-menu.webp\" \/>\n\t<meta property=\"og:image:width\" content=\"1128\" \/>\n\t<meta property=\"og:image:height\" content=\"98\" \/>\n\t<meta property=\"og:image:type\" content=\"image\/webp\" \/>\n<meta name=\"twitter:card\" content=\"summary_large_image\" \/>\n<meta name=\"twitter:label1\" content=\"Gesch\u00e4tzte Lesezeit\" \/>\n\t<meta name=\"twitter:data1\" content=\"2\u00a0Minuten\" \/>\n<script type=\"application\/ld+json\" class=\"yoast-schema-graph\">{\"@context\":\"https:\/\/schema.org\",\"@graph\":[{\"@type\":\"WebPage\",\"@id\":\"https:\/\/kssuspension.com\/de\/zubehoer\/\",\"url\":\"https:\/\/kssuspension.com\/de\/zubehoer\/\",\"name\":\"ZUBEH\u00d6R - ks\",\"isPartOf\":{\"@id\":\"https:\/\/kssuspension.com\/#website\"},\"primaryImageOfPage\":{\"@id\":\"https:\/\/kssuspension.com\/de\/zubehoer\/#primaryimage\"},\"image\":{\"@id\":\"https:\/\/kssuspension.com\/de\/zubehoer\/#primaryimage\"},\"thumbnailUrl\":\"https:\/\/kssuspension.com\/wp-content\/uploads\/2023\/08\/ks-accessories-menu.webp\",\"datePublished\":\"2023-05-30T13:15:29+00:00\",\"dateModified\":\"2024-05-06T14:11:21+00:00\",\"description\":\"ERLEBE PERFEKTION MIT DEM ORIGINALZUBEH\u00d6R VON KS. DIESE JUWELEN WURDEN ZUSAMMEN MIT UNSEREN HAUPTPRODUKTEN ENTWORFEN UND STEIGERN DIE LEISTUNGSST\u00c4RKE UND DIE LEBENSDAUER.\",\"breadcrumb\":{\"@id\":\"https:\/\/kssuspension.com\/de\/zubehoer\/#breadcrumb\"},\"inLanguage\":\"de\",\"potentialAction\":[{\"@type\":\"ReadAction\",\"target\":[\"https:\/\/kssuspension.com\/de\/zubehoer\/\"]}]},{\"@type\":\"ImageObject\",\"inLanguage\":\"de\",\"@id\":\"https:\/\/kssuspension.com\/de\/zubehoer\/#primaryimage\",\"url\":\"https:\/\/kssuspension.com\/wp-content\/uploads\/2023\/08\/ks-accessories-menu.webp\",\"contentUrl\":\"https:\/\/kssuspension.com\/wp-content\/uploads\/2023\/08\/ks-accessories-menu.webp\",\"width\":1128,\"height\":98},{\"@type\":\"BreadcrumbList\",\"@id\":\"https:\/\/kssuspension.com\/de\/zubehoer\/#breadcrumb\",\"itemListElement\":[{\"@type\":\"ListItem\",\"position\":1,\"name\":\"Home\",\"item\":\"https:\/\/kssuspension.com\/de\/\"},{\"@type\":\"ListItem\",\"position\":2,\"name\":\"ZUBEH\u00d6R\"}]},{\"@type\":\"WebSite\",\"@id\":\"https:\/\/kssuspension.com\/#website\",\"url\":\"https:\/\/kssuspension.com\/\",\"name\":\"kssuspension\",\"description\":\"\",\"publisher\":{\"@id\":\"https:\/\/kssuspension.com\/#organization\"},\"potentialAction\":[{\"@type\":\"SearchAction\",\"target\":{\"@type\":\"EntryPoint\",\"urlTemplate\":\"https:\/\/kssuspension.com\/?s={search_term_string}\"},\"query-input\":{\"@type\":\"PropertyValueSpecification\",\"valueRequired\":true,\"valueName\":\"search_term_string\"}}],\"inLanguage\":\"de\"},{\"@type\":\"Organization\",\"@id\":\"https:\/\/kssuspension.com\/#organization\",\"name\":\"KIND SHOCK HI-TECH CO. LTD.\",\"url\":\"https:\/\/kssuspension.com\/\",\"logo\":{\"@type\":\"ImageObject\",\"inLanguage\":\"de\",\"@id\":\"https:\/\/kssuspension.com\/#\/schema\/logo\/image\/\",\"url\":\"https:\/\/kssuspension.com\/wp-content\/uploads\/2023\/06\/cropped-favicon.png\",\"contentUrl\":\"https:\/\/kssuspension.com\/wp-content\/uploads\/2023\/06\/cropped-favicon.png\",\"width\":512,\"height\":512,\"caption\":\"KIND SHOCK HI-TECH CO. LTD.\"},\"image\":{\"@id\":\"https:\/\/kssuspension.com\/#\/schema\/logo\/image\/\"},\"sameAs\":[\"https:\/\/www.facebook.com\/kssuspension\/\",\"https:\/\/www.youtube.com\/user\/kssuspension\",\"https:\/\/www.instagram.com\/kssuspension\/\"]}]}<\/script>\n<!-- \/ Yoast SEO plugin. -->","yoast_head_json":{"title":"ZUBEH\u00d6R - ks","description":"ERLEBE PERFEKTION MIT DEM ORIGINALZUBEH\u00d6R VON KS. DIESE JUWELEN WURDEN ZUSAMMEN MIT UNSEREN HAUPTPRODUKTEN ENTWORFEN UND STEIGERN DIE LEISTUNGSST\u00c4RKE UND DIE LEBENSDAUER.","robots":{"index":"index","follow":"follow","max-snippet":"max-snippet:-1","max-image-preview":"max-image-preview:large","max-video-preview":"max-video-preview:-1"},"canonical":"https:\/\/kssuspension.com\/de\/zubehoer\/","og_locale":"de_DE","og_type":"article","og_title":"ZUBEH\u00d6R - ks","og_description":"ERLEBE PERFEKTION MIT DEM ORIGINALZUBEH\u00d6R VON KS. DIESE JUWELEN WURDEN ZUSAMMEN MIT UNSEREN HAUPTPRODUKTEN ENTWORFEN UND STEIGERN DIE LEISTUNGSST\u00c4RKE UND DIE LEBENSDAUER.","og_url":"https:\/\/kssuspension.com\/de\/zubehoer\/","og_site_name":"ks","article_publisher":"https:\/\/www.facebook.com\/kssuspension\/","article_modified_time":"2024-05-06T14:11:21+00:00","og_image":[{"width":1128,"height":98,"url":"https:\/\/kssuspension.com\/wp-content\/uploads\/2023\/08\/ks-accessories-menu.webp","type":"image\/webp"}],"twitter_card":"summary_large_image","twitter_misc":{"Gesch\u00e4tzte Lesezeit":"2\u00a0Minuten"},"schema":{"@context":"https:\/\/schema.org","@graph":[{"@type":"WebPage","@id":"https:\/\/kssuspension.com\/de\/zubehoer\/","url":"https:\/\/kssuspension.com\/de\/zubehoer\/","name":"ZUBEH\u00d6R - ks","isPartOf":{"@id":"https:\/\/kssuspension.com\/#website"},"primaryImageOfPage":{"@id":"https:\/\/kssuspension.com\/de\/zubehoer\/#primaryimage"},"image":{"@id":"https:\/\/kssuspension.com\/de\/zubehoer\/#primaryimage"},"thumbnailUrl":"https:\/\/kssuspension.com\/wp-content\/uploads\/2023\/08\/ks-accessories-menu.webp","datePublished":"2023-05-30T13:15:29+00:00","dateModified":"2024-05-06T14:11:21+00:00","description":"ERLEBE PERFEKTION MIT DEM ORIGINALZUBEH\u00d6R VON KS. DIESE JUWELEN WURDEN ZUSAMMEN MIT UNSEREN HAUPTPRODUKTEN ENTWORFEN UND STEIGERN DIE LEISTUNGSST\u00c4RKE UND DIE LEBENSDAUER.","breadcrumb":{"@id":"https:\/\/kssuspension.com\/de\/zubehoer\/#breadcrumb"},"inLanguage":"de","potentialAction":[{"@type":"ReadAction","target":["https:\/\/kssuspension.com\/de\/zubehoer\/"]}]},{"@type":"ImageObject","inLanguage":"de","@id":"https:\/\/kssuspension.com\/de\/zubehoer\/#primaryimage","url":"https:\/\/kssuspension.com\/wp-content\/uploads\/2023\/08\/ks-accessories-menu.webp","contentUrl":"https:\/\/kssuspension.com\/wp-content\/uploads\/2023\/08\/ks-accessories-menu.webp","width":1128,"height":98},{"@type":"BreadcrumbList","@id":"https:\/\/kssuspension.com\/de\/zubehoer\/#breadcrumb","itemListElement":[{"@type":"ListItem","position":1,"name":"Home","item":"https:\/\/kssuspension.com\/de\/"},{"@type":"ListItem","position":2,"name":"ZUBEH\u00d6R"}]},{"@type":"WebSite","@id":"https:\/\/kssuspension.com\/#website","url":"https:\/\/kssuspension.com\/","name":"kssuspension","description":"","publisher":{"@id":"https:\/\/kssuspension.com\/#organization"},"potentialAction":[{"@type":"SearchAction","target":{"@type":"EntryPoint","urlTemplate":"https:\/\/kssuspension.com\/?s={search_term_string}"},"query-input":{"@type":"PropertyValueSpecification","valueRequired":true,"valueName":"search_term_string"}}],"inLanguage":"de"},{"@type":"Organization","@id":"https:\/\/kssuspension.com\/#organization","name":"KIND SHOCK HI-TECH CO. LTD.","url":"https:\/\/kssuspension.com\/","logo":{"@type":"ImageObject","inLanguage":"de","@id":"https:\/\/kssuspension.com\/#\/schema\/logo\/image\/","url":"https:\/\/kssuspension.com\/wp-content\/uploads\/2023\/06\/cropped-favicon.png","contentUrl":"https:\/\/kssuspension.com\/wp-content\/uploads\/2023\/06\/cropped-favicon.png","width":512,"height":512,"caption":"KIND SHOCK HI-TECH CO. LTD."},"image":{"@id":"https:\/\/kssuspension.com\/#\/schema\/logo\/image\/"},"sameAs":["https:\/\/www.facebook.com\/kssuspension\/","https:\/\/www.youtube.com\/user\/kssuspension","https:\/\/www.instagram.com\/kssuspension\/"]}]}},"_links":{"self":[{"href":"https:\/\/kssuspension.com\/de\/wp-json\/wp\/v2\/pages\/7079","targetHints":{"allow":["GET"]}}],"collection":[{"href":"https:\/\/kssuspension.com\/de\/wp-json\/wp\/v2\/pages"}],"about":[{"href":"https:\/\/kssuspension.com\/de\/wp-json\/wp\/v2\/types\/page"}],"author":[{"embeddable":true,"href":"https:\/\/kssuspension.com\/de\/wp-json\/wp\/v2\/users\/1"}],"replies":[{"embeddable":true,"href":"https:\/\/kssuspension.com\/de\/wp-json\/wp\/v2\/comments?post=7079"}],"version-history":[{"count":3,"href":"https:\/\/kssuspension.com\/de\/wp-json\/wp\/v2\/pages\/7079\/revisions"}],"predecessor-version":[{"id":7561,"href":"https:\/\/kssuspension.com\/de\/wp-json\/wp\/v2\/pages\/7079\/revisions\/7561"}],"wp:featuredmedia":[{"embeddable":true,"href":"https:\/\/kssuspension.com\/de\/wp-json\/wp\/v2\/media\/4573"}],"wp:attachment":[{"href":"https:\/\/kssuspension.com\/de\/wp-json\/wp\/v2\/media?parent=7079"}],"curies":[{"name":"wp","href":"https:\/\/api.w.org\/{rel}","templated":true}]}}